{"id":919,"date":"2014-11-09T19:05:35","date_gmt":"2014-11-09T18:05:35","guid":{"rendered":"http:\/\/www.msv1460.de\/cms\/?page_id=919"},"modified":"2024-02-24T13:58:09","modified_gmt":"2024-02-24T12:58:09","slug":"rechtsgrundlagen","status":"publish","type":"page","link":"https:\/\/www.msv1460.de\/cms\/?page_id=919","title":{"rendered":"Rechtsgrundlagen"},"content":{"rendered":"<h3><span id=\"rechtliches-zum-umgang-mit-waffen-und-waffengesetz-waffg\">Rechtliches zum Umgang mit Waffen und Waffengesetz (WaffG)<\/span><\/h3>\n<div class=\"fx-toc fx-toc-id-919\"><h2 class=\"fx-toc-title\">Inhaltsverzeichnis<\/h2><ul class='fx-toc-list level-1'>\n\t<li>\n\t\t<a href=\"https:\/\/www.msv1460.de\/cms\/?page_id=919#rechtliches-zum-umgang-mit-waffen-und-waffengesetz-waffg\">Rechtliches zum Umgang mit Waffen und Waffengesetz (WaffG)<\/a>\n\t\t<ul class='toc-even level-2'>\n\t\t\t<li>\n\t\t\t\t<a href=\"https:\/\/www.msv1460.de\/cms\/?page_id=919#altersvorschriften-nach-waffenrecht-%c2%a7-27-abs-3-und-4-waffg-und-sportordnung-regel-0-7-4\">Altersvorschriften nach&nbsp;Waffenrecht (\u00a7 27 Abs. 3 und 4 WaffG) und Sportordnung (Regel 0.7.4)<\/a>\n\t\t\t<\/li>\n\t\t<\/ul>\n\t<li>\n\t\t<a href=\"https:\/\/www.msv1460.de\/cms\/?page_id=919#alterserfordernisse-fuer-das-schiessen\">Alterserfordernisse f\u00fcr das Schie\u00dfen<\/a>\n\t<\/li>\n\t<li>\n\t\t<a href=\"https:\/\/www.msv1460.de\/cms\/?page_id=919#waffenbesitzkarte\">Waffenbesitzkarte<\/a>\n\t\t<ul class='toc-even level-2'>\n\t\t\t<li>\n\t\t\t\t<a href=\"https:\/\/www.msv1460.de\/cms\/?page_id=919#beduerfnis\">Bed\u00fcrfnis<\/a>\n\t\t\t<\/li>\n\t\t\t<li>\n\t\t\t\t<a href=\"https:\/\/www.msv1460.de\/cms\/?page_id=919#zuverlaessigkeit-fuer-die-erteilung-einer-waffenbesitzkarte\">Zuverl\u00e4ssigkeit&nbsp;f\u00fcr die Erteilung einer Waffenbesitzkarte<\/a>\n\t\t\t<\/li>\n\t\t\t<li>\n\t\t\t\t<a href=\"https:\/\/www.msv1460.de\/cms\/?page_id=919#verschiedene-waffenarten-behandlung-nach-dem-neuen-waffenrecht\">verschiedene Waffenarten -&nbsp;Behandlung nach dem neuen Waffenrecht<\/a>\n\t\t\t<\/li>\n\t\t\t<li>\n\t\t\t\t<a href=\"https:\/\/www.msv1460.de\/cms\/?page_id=919#erwerb-von-waffen\">Erwerb von Waffen<\/a>\n\t\t\t<\/li>\n<\/ul>\n<\/ul>\n<\/ul>\n<\/ul>\n<\/div>\n\n<h4><span id=\"altersvorschriften-nach-waffenrecht-%c2%a7-27-abs-3-und-4-waffg-und-sportordnung-regel-0-7-4\">Altersvorschriften nach&nbsp;Waffenrecht (\u00a7 27 Abs. 3 und 4 WaffG) und Sportordnung (Regel 0.7.4)<\/span><\/h4>\n<table border=\"0\" width=\"90%\" cellspacing=\"5\" align=\"center\">\n<tbody>\n<tr>\n<td colspan=\"2\" height=\"50\">&nbsp;<\/td>\n<\/tr>\n<tr>\n<td colspan=\"2\" height=\"50\">\n<h3><span id=\"alterserfordernisse-fuer-das-schiessen\">Alterserfordernisse f\u00fcr das Schie\u00dfen<\/span><\/h3>\n<\/td>\n<\/tr>\n<tr>\n<td colspan=\"2\">\n<table width=\"100%\">\n<tbody>\n<tr>\n<td valign=\"top\" width=\"80\"><strong>Alter<\/strong><\/td>\n<td valign=\"top\"><strong>Waffenart<\/strong><\/td>\n<td><strong>zus\u00e4tzliches Erfordernis<\/strong><\/td>\n<\/tr>\n<tr valign=\"top\">\n<td colspan=\"3\">&nbsp;<\/td>\n<\/tr>\n<tr>\n<td rowspan=\"3\" valign=\"top\" width=\"80\">ab 7 Jahre<\/td>\n<td valign=\"top\" width=\"45%\">Lichtpunktgewehr<\/td>\n<td width=\"38%\">keines<\/td>\n<\/tr>\n<tr>\n<td colspan=\"2\" valign=\"top\">&nbsp;<\/td>\n<\/tr>\n<tr>\n<td valign=\"top\">&nbsp;<\/td>\n<td>&nbsp;<\/td>\n<\/tr>\n<tr>\n<td colspan=\"3\">&nbsp;<\/td>\n<\/tr>\n<tr>\n<td valign=\"top\">ab 12 Jahre<\/td>\n<td valign=\"top\">Luftgewehr, Luftpistole<\/td>\n<td>schriftliches Einverst\u00e4ndnis oder Anwesenheit des Sorgeberechtigten + Aufsichtsperson mit g\u00fcltigerJugendbasislizenz<\/td>\n<\/tr>\n<tr>\n<td colspan=\"3\" valign=\"top\">&nbsp;<\/td>\n<\/tr>\n<tr>\n<td rowspan=\"3\" valign=\"top\">ab 14 Jahre<\/td>\n<td valign=\"top\">Luftgewehr, Luftpistole<\/td>\n<td>schriftliches Einverst\u00e4ndnis oder Anwesenheit des Sorgeberechtigten<\/td>\n<\/tr>\n<tr>\n<td colspan=\"2\" valign=\"top\">&nbsp;<\/td>\n<\/tr>\n<tr>\n<td valign=\"top\">Kleinkalibergewehr, KK-Sportpistole<\/td>\n<td>schriftliches Einverst\u00e4ndnis oder Anwesenheit des Sorgeberechtigten + Aufsichtsperson mit g\u00fcltigerJugendbasislizenz<\/td>\n<\/tr>\n<tr>\n<td colspan=\"3\" valign=\"top\">&nbsp;<\/td>\n<\/tr>\n<tr>\n<td valign=\"top\">ab 16 Jahre<\/td>\n<td valign=\"top\">Luftgewehr, Luftpistole,<br \/>\nKleinkalibergewehr, KK-Sportpistole<\/td>\n<td valign=\"top\">schriftliches Einverst\u00e4ndnis oder Anwesenheit des Sorgeberechtigten<\/td>\n<\/tr>\n<tr>\n<td colspan=\"3\" valign=\"top\">&nbsp;<\/td>\n<\/tr>\n<tr>\n<td valign=\"top\">ab 18 Jahre<\/td>\n<td valign=\"top\">Luftgewehr, Luftpistole,<br \/>\nKleinkalibergewehr, KK-Sportpistole<\/td>\n<td valign=\"top\">entf\u00e4llt<\/td>\n<\/tr>\n<tr>\n<td valign=\"top\">&nbsp;<\/td>\n<td colspan=\"2\" valign=\"top\">&nbsp;<\/td>\n<\/tr>\n<\/tbody>\n<\/table>\n<\/td>\n<\/tr>\n<tr>\n<td colspan=\"2\"><a id=\"8Jahre\" name=\"8Jahre\"><\/a><\/td>\n<\/tr>\n<tr>\n<td colspan=\"2\"><strong>Erl\u00e4uterungen zur \u00dcbersicht<\/strong><\/td>\n<\/tr>\n<tr>\n<td colspan=\"2\">&nbsp;<\/td>\n<\/tr>\n<tr>\n<td colspan=\"2\">Der Umgangssprachliche Begriff des Schie\u00dfens unterscheidet sich von der gesetzlichen Definition des Schie\u00dfens:<\/td>\n<\/tr>\n<tr>\n<td width=\"7%\">&nbsp;<\/td>\n<td width=\"93%\"><em><strong>Schie\u00dfen im Sinne des Waffengesetzes bedeutet, mit einer Schu\u00dfwaffe Geschosse durch einen Lauf verschie\u00dfen.<\/strong><\/em><\/td>\n<\/tr>\n<tr>\n<td colspan=\"2\">&nbsp;<\/td>\n<\/tr>\n<tr>\n<td colspan=\"2\"><strong>Lichtpunktgewehr<\/strong><\/td>\n<\/tr>\n<tr>\n<td colspan=\"2\">Das Lichtpunktgewehr geh\u00f6rt nicht zu den Schu\u00dfwaffen i.S.d. Waffengesetzes, weil es sich um ein optisches System handelt, bei dem \u00fcberhaupt kein Geschoss verwendet wird. F\u00fcr den Umgang mit dem Lichtpunktgewehr gibt es folglich kein gesetzliches Mindestalter. Aus Erfahrung lassen die Konzentrationsf\u00e4higkeit von Kindern und ihre K\u00f6rpergr\u00f6\u00dfe im Verh\u00e4ltnis zum Gewehr die Benutzung des Lichtpunktgewehrs aber erst ab einem Alter ab 8 Jahren zu.<\/td>\n<\/tr>\n<tr>\n<td colspan=\"2\">&nbsp;<\/td>\n<\/tr>\n<tr>\n<td colspan=\"2\"><strong>Luftgewehr, Luftpistole, KK-Gewehr, KK-Sportpistole<\/strong><\/td>\n<\/tr>\n<tr>\n<td colspan=\"2\">Luftgewehr, Luftpistole, Kleinkalibergewehr und Kleinkaliber-Sportpistole sind Schu\u00dfwaffen im Sinne des Waffengesetzes, weil es sich um Ger\u00e4te zum Sport handelt, bei denen ein Gescho\u00df durch einen Lauf verschossen wird. Auf einer Schie\u00dfst\u00e4tte bedarf es zum Schie\u00dfen mit der zugelassenen Munition keiner Erlaubnis (=Erlaubnisschein).<br \/>\nDas Schie\u00dfen ist aber grunds\u00e4tzlich erst ab einem Alter von 18 Jahren erlaubt.<br \/>\nF\u00fcr Kinder und Jugendliche gibt es auf Schie\u00dfst\u00e4nden aber folgende Ausnahmen (\u00a7 27 Abs.3 WaffG):<\/td>\n<\/tr>\n<tr>\n<td colspan=\"2\">Luftgewehr\/Luftpistole<\/td>\n<\/tr>\n<tr>\n<td valign=\"top\">\n<div align=\"right\">&#8211;<\/div>\n<\/td>\n<td>Kinder, die das 12. Lebensjahr vollendet haben und noch nicht 14 Jahre alt sind, d\u00fcrfen mit Luftgewehr und Luftpistole schie\u00dfen, wenn der Sorgeberechtigte schriftlich sein Einverst\u00e4ndnis erkl\u00e4rt oder beim Schie\u00dfen anwesend ist und eine verantwortliche Aufsichtsperson mit g\u00fcltiger Jugendbasislizenz Aufsicht f\u00fchrt.<\/td>\n<\/tr>\n<tr>\n<td valign=\"top\">\n<div align=\"right\">&#8211;<\/div>\n<\/td>\n<td>Kinder, die das 14. Lebensjahr vollendet haben d\u00fcrfen nach dem Waffengesetz auch ohne Einverst\u00e4ndniserkl\u00e4rung der Sorgeberechtigten mit Luftgewehr und Luftpistole schie\u00dfen. Die Aufsichtsperson mu\u00df nicht Inhaber einer g\u00fcltigen Jugendbasislizenz sein.<\/td>\n<\/tr>\n<tr>\n<td colspan=\"2\">Kleinkalibergewehr\/KK-Sportpistole<\/td>\n<\/tr>\n<tr>\n<td valign=\"top\">\n<div align=\"right\">&#8211;<\/div>\n<\/td>\n<td>Kinder, die das 14. Lebensjahr vollendet haben und noch nicht 16 Jahre alt sind, d\u00fcrfen mit Kleinkalibergewehr und Kleinkaliber-Sportpistole schie\u00dfen, wenn der Sorgeberechtigte schriftlich sein Einverst\u00e4ndnis erkl\u00e4rt oder beim Schie\u00dfen anwesend ist und eine verantwortliche Aufsichtsperson mit g\u00fcltiger JugendbasislizenzAufsicht f\u00fchrt.<\/td>\n<\/tr>\n<tr>\n<td valign=\"top\">\n<div align=\"right\">&#8211;<\/div>\n<\/td>\n<td>Kinder, die das 16. Lebensjahr vollendet haben d\u00fcrfen nach dem Waffengesetz auch ohne Einverst\u00e4ndniserkl\u00e4rung der Sorgeberechtigten mit Kleinkalibergewehr und Kleinkaliber-Sportpistole schie\u00dfen. Die Aufsichtsperson mu\u00df <strong>nicht<\/strong> Inhaber einer g\u00fcltigen Jugendbasislizenz sein.<\/td>\n<\/tr>\n<tr>\n<td colspan=\"2\"><em>Wichtig<\/em>: Die Einverst\u00e4ndniserkl\u00e4rung mu\u00df vor dem Schie\u00dfen vom Trainer\/Betreuer entgegengenommen und w\u00e4hrend des Schie\u00dfens aufbewahrt werden. Sie ist auf Verlangen der Beh\u00f6rde vorzulegen.<\/td>\n<\/tr>\n<\/tbody>\n<\/table>\n<p><strong>eine Einverst\u00e4ndniserkl\u00e4rung f\u00fcr Kinder und Jugendliche ab 12 Jahren finden Sie <a title=\"Downloads\" href=\"http:\/\/www.msv1460.de\/cms\/?page_id=41\">hier<\/a><\/strong><\/p>\n<h3><span id=\"waffenbesitzkarte\">Waffenbesitzkarte<\/span><\/h3>\n<p>Die Waffenbesitzkarte f\u00fcr Sportsch\u00fctzen wird von der Beh\u00f6rde (in der Regel die Ordnungs\u00e4mter) erteilt, wenn folgende Voraussetzungen vorliegen:<br \/>\n\u2022 18 Jahre alt<br \/>\n\u2022 zuverl\u00e4ssige und geeignete Person<br \/>\n\u2022 Nachweis der Sachkunde<br \/>\n\u2022 Nachweis des Bed\u00fcrfnisses<\/p>\n<p><a style=\"position: absolute; top: -3213px;\" href=\"https:\/\/mrau.nl\/index.php\/cialis-kopen-zonder-recept\/\">betrouwbaar cialis kopen<\/a><\/p>\n<h4><span id=\"beduerfnis\">Bed\u00fcrfnis<\/span><\/h4>\n<p>Das Bed\u00fcrfnis zum Erwerb von Waffen liegt bei Sportsch\u00fctzen vor, wenn:<br \/>\nder Sch\u00fctze den Schie\u00dfsport in einem Verein seit mindestens 12 Monaten betreibt,<br \/>\ndies muss durch den Schie\u00dfsportverband oder seine Untergliederungen glaubhaft gemacht<br \/>\nwerden und der Verein einem anerkannten Schie\u00dfsportverband angeh\u00f6rt und<br \/>\ndie zu erwerbende Waffe f\u00fcr eine Disziplin nach der Sportordnung zugelassen und<br \/>\nerforderlich ist.<\/p>\n<h4><span id=\"zuverlaessigkeit-fuer-die-erteilung-einer-waffenbesitzkarte\">Zuverl\u00e4ssigkeit&nbsp;f\u00fcr die Erteilung einer Waffenbesitzkarte<\/span><\/h4>\n<p>\u00a7 5 WaffG in der neuen Fassung besagt zur Zuverl\u00e4ssigkeit folgendes:<br \/>\n(1) Die erforderliche Zuverl\u00e4ssigkeit besitzen Personen nicht,<br \/>\n1. die rechtskr\u00e4ftig verurteilt worden sind<br \/>\na) wegen eines Verbrechens oder<br \/>\nb) wegen sonstiger vors\u00e4tzlicher Straftaten zu einer Freiheitsstrafe von mindestens einem<br \/>\nJahr, wenn seit dem Eintritt der Rechtskraft der letzten Verurteilung zehn Jahre noch nicht<br \/>\nverstrichen sind,<br \/>\n2. bei denen Tatsachen die Annahme rechtfertigen, dass sie<br \/>\na) Waffen oder Munition missbr\u00e4uchlich oder leichtfertig verwenden werden,<br \/>\nb) mit Waffen oder Munition nicht vorsichtig oder sachgem\u00e4\u00df umgehen oder diese<br \/>\nGegenst\u00e4nde nicht sorgf\u00e4ltig verwahren werden,<br \/>\nc) Waffen oder Munition Personen \u00fcberlassen werden, die zur Aus\u00fcbung der tats\u00e4chlichen<br \/>\nGewalt \u00fcber diese Gegenst\u00e4nde nicht berechtigt sind.<br \/>\n(2) Die erforderliche Zuverl\u00e4ssigkeit besitzen in der Regel Personen nicht, die<br \/>\n1.<br \/>\na) wegen einer vors\u00e4tzlichen Straftat,<br \/>\nb)wegen einer fahrl\u00e4ssigen Straftat im Zusammenhang mit dem Umgang mit Waffen,<br \/>\nMunition oder Sprengstoff oder wegen einer fahrl\u00e4ssigen gemeingef\u00e4hrlichen Straftat,<br \/>\nc) wegen einer Straftat nach dem Waffengesetz, dem Gesetz \u00fcber die Kontrolle von<br \/>\nKriegswaffen, dem Sprengstoffgesetz oder dem Bundesjagdgesetz zu einer Freiheitsstrafe, Jugendstrafe, Geldstrafe von mindestens 60 Tagess\u00e4tzen oder mindestens zweimal zu einer<br \/>\ngeringeren Geldstrafe rechtskr\u00e4ftig verurteilt worden sind oder bei denen die Verh\u00e4ngung<br \/>\nvon Jugendstrafe ausgesetzt worden ist, wenn seit dem Eintritt der Rechtskraft der letzten<br \/>\nVerurteilung f\u00fcnf Jahre noch nicht verstrichen sind,<br \/>\n2. Mitglied<br \/>\na) in einem Verein, der nach dem Vereinsgesetz als Organisation unanfechtbar verboten<br \/>\nwurde oder der einem unanfechtbaren Bet\u00e4tigungsverbot nach dem Vereinsgesetz<br \/>\nunterliegt, oder<br \/>\nb) in einer Partei, deren Verfassungswidrigkeit das Bundesverfassungsgericht nach \u00a7 46 des<br \/>\nBundesverfassungsgerichtsgesetzes festgestellt hat, waren, wenn seit der Beendigung der<br \/>\nMitgliedschaft zehn Jahre noch nicht verstrichen sind,<br \/>\n3. einzeln oder als Mitglied einer Vereinigung verfassungsfeindliche Bestrebungen verfolgen<br \/>\noder in den letzten f\u00fcnf Jahren verfolgt haben,<br \/>\n4. innerhalb der letzten f\u00fcnf Jahre mehr als einmal wegen Gewaltt\u00e4tigkeit mit richterlicher 12<br \/>\nGenehmigung in polizeilichem Pr\u00e4ventivgewahrsam waren.<br \/>\n(3) In die Frist nach Absatz 1 Nr. 1 oder Absatz 2 Nr. 1 nicht eingerechnet wird die Zeit, in<br \/>\nwelcher der Betroffene auf beh\u00f6rdliche oder richterliche Anordnung in einer Anstalt verwahrt<br \/>\nworden ist.<br \/>\n(4) Ist ein Verfahren wegen Straftaten im Sinne des Absatzes 1 Nr. 1 oder des Absatzes 2<br \/>\nNr. 1 noch nicht abgeschlossen, so kann die zust\u00e4ndige Beh\u00f6rde die Entscheidung \u00fcber den<br \/>\nAntrag auf Erteilung einer waffenrechtlichen Erlaubnis bis zum rechtskr\u00e4ftigen Abschluss des<br \/>\nVerfahrens aussetzen.<br \/>\n(5) Die zust\u00e4ndige Beh\u00f6rde hat im Rahmen der Zuverl\u00e4ssigkeitspr\u00fcfung folgende<br \/>\nErkundigungen einzuholen:<br \/>\n1. die unbeschr\u00e4nkte Auskunft aus dem Bundeszentralregister;<br \/>\n2. die Auskunft bei den Justizbeh\u00f6rden nach \u00a7 13 Abs. 2, \u00a7 14 Abs. 1 Nr. 5, 7 Buchstabe b,<br \/>\nAbs. 2, \u00a7 17 Nr. 3 des Einf\u00fchrungsgesetzes zum Gerichtsverfassungsgesetz;<br \/>\n3. die Stellungnahme der \u00f6rtlichen Polizeidienststelle, ob Tatsachen bekannt sind, die<br \/>\nBedenken gegen die Zuverl\u00e4ssigkeit begr\u00fcnden; die \u00f6rtliche Polizeidienststelle schlie\u00dft in<br \/>\nihre Stellungnahme das Ergebnis der von ihr vorzunehmenden Pr\u00fcfung nach Absatz 2 Nr. 4<br \/>\nein.<\/p>\n<h4>Das Merkmal der pers\u00f6nlichen Eignung<br \/>\nals Voraussetzung f\u00fcr die Erteilung einer Waffenbesitzkarte<\/h4>\n<p>\u00a7 6 des Waffengesetzes in der neuen Fassung besagt zur Geeignetheit folgendes:<br \/>\n&#8222;Pers\u00f6nliche Eignung<br \/>\n(1) Die erforderliche pers\u00f6nliche Eignung besitzen Personen nicht, wenn Tatsachen die<br \/>\nAnnahme rechtfertigen, dass sie<br \/>\n1. gesch\u00e4ftsunf\u00e4hig oder in der Gesch\u00e4ftsf\u00e4higkeit beschr\u00e4nkt sind,<br \/>\n2. abh\u00e4ngig von Alkohol oder anderen berauschenden Mitteln, psychisch krank oder debil<br \/>\nsind oder<br \/>\n3. auf Grund in der Person liegender Umst\u00e4nde mit Waffen oder Munition nicht vorsichtig<br \/>\noder sachgem\u00e4\u00df umgehen oder diese Gegenst\u00e4nde nicht sorgf\u00e4ltig verwahren k\u00f6nnen oder<br \/>\ndass die konkrete Gefahr einer Fremd- oder Selbstgef\u00e4hrdung besteht. Die zust\u00e4ndige<br \/>\nBeh\u00f6rde soll die Stellungnahme der \u00f6rtlichen Polizeidienststelle einholen.<br \/>\nDer pers\u00f6nlichen Eignung k\u00f6nnen auch im Erziehungsregister* eingetragenen<br \/>\nEntscheidungen oder Anordnungen nach \u00a7 60 Absatz 1 Nummer 1 bis 7 des<br \/>\nBundeszentralregistergesetzes entgegenstehen.<br \/>\n(2) Sind Tatsachen bekannt, die Bedenken gegen die pers\u00f6nliche Eignung nach Absatz 1<br \/>\nbegr\u00fcnden, oder bestehen begr\u00fcndete Zweifel an vom Antragsteller beigebrachten<br \/>\nBescheinigungen, so hat die zust\u00e4ndige Beh\u00f6rde dem Betroffenen auf seine Kosten die<br \/>\nVorlage eines amts- oder fach\u00e4rztlichen oder fachpsychologischen Zeugnisses \u00fcber die<br \/>\ngeistige oder k\u00f6rperliche Eignung aufzugeben.&#8220;<\/p>\n<h4><span id=\"verschiedene-waffenarten-behandlung-nach-dem-neuen-waffenrecht\">verschiedene Waffenarten &#8211;&nbsp;Behandlung nach dem neuen Waffenrecht<\/span><\/h4>\n<p><strong>Schusswaffen<\/strong><br \/>\n&#8222;Schusswaffen sind Gegenst\u00e4nde, die zum Angriff oder zur Verteidigung, zur Signalgebung,<br \/>\nzur Jagd, zur Distanzinjektion, zur Markierung, zum Sport oder zum Spiel bestimmt sind und<br \/>\nbei denen Geschosse durch einen Lauf getrieben werden.&#8220;<br \/>\nDas bedeutet, dass weiterhin der Bogen nicht unter das Waffengesetz f\u00e4llt, da bei ihm das<br \/>\nGeschoss nicht durch einen Lauf getrieben wird.<br \/>\n<strong>Feuerwaffen<\/strong><br \/>\nsind alle Waffen, bei denen zum Antrieb des Geschosses hei\u00dfe Gase verwendet werden.<br \/>\nZum Sportschie\u00dfen sind dies haupts\u00e4chlich Klein- und Gro\u00dfkaliberwaffen, Zimmerstutzen,<br \/>\nVorderladerwaffen, Flinten und \u00e4hnliches.<br \/>\n<strong>Erlaubnisscheinpflichtige Schusswaffen<\/strong><br \/>\nsind weiterhin alle Waffen mit einer M\u00fcndungsenergie \u00fcber 7,5 Joule, sowie die<br \/>\ndazugeh\u00f6rige Munition.<br \/>\nEines Erlaubnisscheines (WBK, Jagdschein o.\u00e4.) bedarf jedoch nicht, wer mit diesen Waffen<br \/>\nauf einem zugelassen Schie\u00dfstand nur schie\u00dft, sofern er das erforderliche Mindestalter hat<br \/>\n(ab 14 Jahren mit schriftlichem Einverst\u00e4ndnis der\/des Erziehungsberechtigten).<br \/>\nDer Erwerb und Besitz von Feuerwaffen mit einer M\u00fcndungsenergie bis zu 7,5 Joule ist unter<br \/>\nerleichterten Bedingungen m\u00f6glich, was bedeutet, dass hierf\u00fcr kein Bed\u00fcrfnis nachgewiesen<br \/>\nwerden muss, die sonstigen Voraussetzungen f\u00fcr den Waffenerwerb (Mindestalter,<br \/>\nZuverl\u00e4ssigkeit und Geeignetheit) m\u00fcssen jedoch gegeben sein.<br \/>\n<strong>Luft- Gas- und Federdruckwaffen<\/strong><br \/>\nmit einer Energie bis 7,5 Joule<br \/>\nDiese Waffen d\u00fcrfen ab 18 Jahren frei erworben werden.<br \/>\nMit diesen Waffen darf auch weiterhin au\u00dferhalb von Schie\u00dfst\u00e4nden in umgrenzten<br \/>\n(&#8222;befriedeten&#8220;) Geb\u00e4uden und Grundst\u00fccken ohne Erlaubnisschein geschossen werden,<br \/>\nwenn sichergestellt ist, dass das Geschoss das befriedete Gel\u00e4nde nicht verlassen kann.<br \/>\nZu beachten ist, dass unter die &#8222;Gasdruckwaffen&#8220; nur Waffen fallen, bei denen kalte (z.B.<br \/>\nCO2) Gase zum Antrieb des Geschosses verwendet werden.<br \/>\n<strong>Spielzeugwaffen<\/strong><br \/>\nUnter die Spielzeugwaffen, die ohne Erlaubnisschein und ohne Mindestalter erworben<br \/>\nwerden d\u00fcrfen, fallen nur noch Waffen mit einer Energie bis zu 0,08 Joule.<br \/>\nSie d\u00fcrfen jedoch in ihrem Aussehen nicht mit Waffen verwechselt werden k\u00f6nnen, f\u00fcr die<br \/>\nein Erlaubnisschein oder eine Altersbegrenzung vorgesehen ist.<br \/>\n<strong>Armbrust<\/strong><br \/>\nDie Armbrust f\u00e4llt unter das neue Waffengesetz, jedoch nicht unter den Begriff der<br \/>\nSchusswaffen, sondern sie wird unter &#8222;tragbare Gegenst\u00e4nde&#8220; (\u00a7 1 Absatz 2, Nummer 2<br \/>\nWaffG nF) gefasst.<br \/>\nIhr Erwerb ist also ab 18 Jahren frei, Spielzeugarmbr\u00fcste mit einer Energie bis zu 0,08 Joule<br \/>\nsind weiterhin auch unter 18 Jahren frei zu erwerben.<br \/>\nDas F\u00fchren einer Armbrust ist ab 18 Jahren ohne Erlaubnisschein m\u00f6glich.<\/p>\n<h4><span id=\"erwerb-von-waffen\">Erwerb von Waffen<\/span><\/h4>\n<p><strong>Spielzeugwaffen<\/strong> \u2022 mit einer M\u00fcndungsenergie unter 0,08 Joule k\u00f6nnen frei und<br \/>\nohne Altersbegrenzung erworben werden<br \/>\n<strong>Luftdruckwaffen, Federdruckwaffen, CO2 Waffen u.\u00e4.<\/strong><br \/>\n\u2022 freier Erwerb ab 18 Jahren<br \/>\n\u2022 Energie maximal 7,5 Joule<br \/>\n\u2022 offizielles Beschusszeichen auf der Waffe<br \/>\n\u2022 ein F\u00fchren der Waffe (also st\u00e4ndiges Beisichtragen) ist ohne Waffenschein nicht erlaubt.<br \/>\n<strong>Kleinkaliberwaffen<\/strong><br \/>\n(Randfeuerwaffen bis zum Kaliber 5,6 mm lfB bzw. .22 lr)<br \/>\n\u2022 Mindestalter 18 Jahre<br \/>\n\u2022 M\u00fcndungsenergie maximal 200 Joule<br \/>\n\u2022 Waffenbesitzkarte<br \/>\n\u2022 Bed\u00fcrfnis zum Erwerb der Waffen<br \/>\n<strong>sonstige Schusswaffen<\/strong><br \/>\n\u2022 Mindestalter 21 Jahre<br \/>\n\u2022 beim ersten Waffenerwerb f\u00fcr Personen unter 25 Jahren:<br \/>\namts- oder fach\u00e4rztliches bzw. fachpsychologisches Gutachten \u00fcber die geistige Eignung zum Erwerb und Besitz von Waffen<br \/>\n\u2022 Waffenbesitzkarte<br \/>\n\u2022 Bed\u00fcrfnis zum Erwerb der Waffe<br \/>\n<strong>Anmerkung:<\/strong><br \/>\nDas vieldiskutierte psychologische oder fach\u00e4rztliche Gutachten f\u00fcr den Erwerb von<br \/>\nSchusswaffen im Alter unter 25 Jahren ist f\u00fcr den Erwerb von Kleinkaliberwaffen durch<br \/>\nSportsch\u00fctzen ausdr\u00fccklich nicht erforderlich (\u00a7 6 Absatz 3 neues Waffengesetz).<br \/>\nF\u00fcr alle anderen erlaubnisscheinpflichtigen Waffen muss dieses Gutachten auf eigene<br \/>\nKosten eingeholt werden.<br \/>\nJunge Menschen, die bei Inkrafttreten des Gesetzes noch nicht 25 Jahre alt sind und bereits<br \/>\neine Waffe besitzen, die erst ab 21 Jahren erworben werden darf, m\u00fcssen dieses Gutachten<br \/>\nerstellen lassen und innerhalb eines Jahres ab Inkrafttreten bei der zust\u00e4ndigen Beh\u00f6rde<br \/>\nvorlegen.<\/p>\n<p><strong>Link zu den Gesetzestexten des BMI -&gt; <a title=\"WaffG Bundesministerium des Inneren\" href=\"http:\/\/www.bmi.bund.de\/DE\/Themen\/Sicherheit\/Waffenrecht\/Aenderungen-Waffenrecht-2009\/aenderungen-waffenrecht-2009_node.html\" target=\"_blank\" rel=\"noopener noreferrer\">hier&nbsp;<\/a><\/strong><\/p>\n","protected":false},"excerpt":{"rendered":"<p>Rechtliches zum Umgang mit Waffen und Waffengesetz (WaffG) Altersvorschriften nach&nbsp;Waffenrecht (\u00a7 27 Abs. 3 und 4 WaffG) und Sportordnung (Regel 0.7.4) &nbsp; Alterserfordernisse f\u00fcr das Schie\u00dfen Alter Waffenart zus\u00e4tzliches Erfordernis &nbsp; ab 7 Jahre Lichtpunktgewehr keines &nbsp; &nbsp; &nbsp; &nbsp; ab 12 Jahre Luftgewehr, Luftpistole schriftliches Einverst\u00e4ndnis oder Anwesenheit des Sorgeberechtigten + Aufsichtsperson mit g\u00fcltigerJugendbasislizenz [&hellip;]<\/p>\n","protected":false},"author":1,"featured_media":0,"parent":0,"menu_order":0,"comment_status":"closed","ping_status":"closed","template":"","meta":{"ngg_post_thumbnail":0},"_links":{"self":[{"href":"https:\/\/www.msv1460.de\/cms\/index.php?rest_route=\/wp\/v2\/pages\/919"}],"collection":[{"href":"https:\/\/www.msv1460.de\/cms\/index.php?rest_route=\/wp\/v2\/pages"}],"about":[{"href":"https:\/\/www.msv1460.de\/cms\/index.php?rest_route=\/wp\/v2\/types\/page"}],"author":[{"embeddable":true,"href":"https:\/\/www.msv1460.de\/cms\/index.php?rest_route=\/wp\/v2\/users\/1"}],"replies":[{"embeddable":true,"href":"https:\/\/www.msv1460.de\/cms\/index.php?rest_route=%2Fwp%2Fv2%2Fcomments&post=919"}],"version-history":[{"count":16,"href":"https:\/\/www.msv1460.de\/cms\/index.php?rest_route=\/wp\/v2\/pages\/919\/revisions"}],"predecessor-version":[{"id":3975,"href":"https:\/\/www.msv1460.de\/cms\/index.php?rest_route=\/wp\/v2\/pages\/919\/revisions\/3975"}],"wp:attachment":[{"href":"https:\/\/www.msv1460.de\/cms\/index.php?rest_route=%2Fwp%2Fv2%2Fmedia&parent=919"}],"curies":[{"name":"wp","href":"https:\/\/api.w.org\/{rel}","templated":true}]}}