{"id":51,"date":"2012-11-08T10:24:07","date_gmt":"2012-11-08T08:24:07","guid":{"rendered":"http:\/\/www.msv1460.de\/cms\/?page_id=51"},"modified":"2016-12-07T13:28:10","modified_gmt":"2016-12-07T12:28:10","slug":"verein","status":"publish","type":"page","link":"https:\/\/www.msv1460.de\/cms\/?page_id=51","title":{"rendered":"Verein"},"content":{"rendered":"<p>Einer alten Mei\u00dfner Tradition folgend wurde anno 1990 der &#8222;Mei\u00dfner Sch\u00fctzenverein 1460&#8220; e.V. wiedergegr\u00fcndet. In ihm werden die Sch\u00fctzentraditionen und das Sch\u00fctzenbrauchtum wieder belebt, Schie\u00dfwettbewerbe nach aktuellen Regeln abgehalten und das Vereinsleben gepflegt.<\/p>\n<p>Im Jahr 1460 wurde von der Stadt Mei\u00dfen ein hauptamtlicher Sch\u00fctzenmeister eingesetzt, der Sch\u00fctzen um sich versammeln sollte um im Falle eines kriegerischen Angriffs gewappnet zu sein.<\/p>\n<p style=\"text-align: left;\"><strong>Sportschie\u00dfen<\/strong>: Nach den Regeln des Deutschen Sch\u00fctzenbundes (DSB)<br \/>\n<strong>Trainingszeiten<\/strong>: Auf dem Schie\u00dfstand des &#8222;S\u00e4chsischen Jagd und Sch\u00fctzenvereins&#8220; (SJSV) <a title=\"Anfahrt\" href=\"http:\/\/www.msv1460.de\/cms\/?page_id=17\">Gro\u00dfdobritz<\/a>. Siehe auch <a title=\"Trainingsplan\" href=\"http:\/\/www.msv1460.de\/cms\/?page_id=49\">Trainingszeiten<\/a>.<\/p>\n<p style=\"text-align: left;\">Mindestens ein Vorstandsmitglied ist an den genannten Trainingstagen auf dem Schie\u00dfstand erreichbar. Dort kann auch die Satzung und die Beitragsordnung eingesehen werden.<\/p>\n<p style=\"text-align: left;\">Haben Sie Probleme Ihr Ziel zu treffen? Vertrauen Sie sich unseren fach- und sachkundigen Schie\u00dftrainern an.<\/p>\n<p style=\"text-align: left;\">Als zus\u00e4tzliches Bonbon: B\u00f6llerschie\u00dfen mit Handb\u00f6ller oder vereinseigener Kanone zu Festlichkeiten wie Grundsteinlegungen, Einweihungen, Er\u00f6ffnungen, Hochzeiten, runde Geburtstage u. v. a. m..<\/p>\n<p style=\"text-align: left;\">Mitglied des Vereins kann jeder unbescholtene und gesetzestreue B\u00fcrger werden, der in geordneten Verh\u00e4ltnissen lebt, die <a title=\"Downloads\" href=\"http:\/\/www.msv1460.de\/cms\/?page_id=41\">Satzung<\/a> des Vereins anerkennt, seinen finanziellen Anteil entsprechend der Beitragsordnung leistet und seine Pers\u00f6nlichkeit zur Ehre des &#8222;Mei\u00dfner Sch\u00fctzenverein 1460 e.V.&#8220; einsetzt.<\/p>\n<p>&nbsp;<\/p>\n","protected":false},"excerpt":{"rendered":"<p>Einer alten Mei\u00dfner Tradition folgend wurde anno 1990 der &#8222;Mei\u00dfner Sch\u00fctzenverein 1460&#8220; e.V. wiedergegr\u00fcndet. In ihm werden die Sch\u00fctzentraditionen und das Sch\u00fctzenbrauchtum wieder belebt, Schie\u00dfwettbewerbe nach aktuellen Regeln abgehalten und das Vereinsleben gepflegt. Im Jahr 1460 wurde von der Stadt Mei\u00dfen ein hauptamtlicher Sch\u00fctzenmeister eingesetzt, der Sch\u00fctzen um sich versammeln sollte um im Falle eines [&hellip;]<\/p>\n","protected":false},"author":1,"featured_media":0,"parent":0,"menu_order":0,"comment_status":"closed","ping_status":"closed","template":"","meta":{"ngg_post_thumbnail":0},"_links":{"self":[{"href":"https:\/\/www.msv1460.de\/cms\/index.php?rest_route=\/wp\/v2\/pages\/51"}],"collection":[{"href":"https:\/\/www.msv1460.de\/cms\/index.php?rest_route=\/wp\/v2\/pages"}],"about":[{"href":"https:\/\/www.msv1460.de\/cms\/index.php?rest_route=\/wp\/v2\/types\/page"}],"author":[{"embeddable":true,"href":"https:\/\/www.msv1460.de\/cms\/index.php?rest_route=\/wp\/v2\/users\/1"}],"replies":[{"embeddable":true,"href":"https:\/\/www.msv1460.de\/cms\/index.php?rest_route=%2Fwp%2Fv2%2Fcomments&post=51"}],"version-history":[{"count":12,"href":"https:\/\/www.msv1460.de\/cms\/index.php?rest_route=\/wp\/v2\/pages\/51\/revisions"}],"predecessor-version":[{"id":3743,"href":"https:\/\/www.msv1460.de\/cms\/index.php?rest_route=\/wp\/v2\/pages\/51\/revisions\/3743"}],"wp:attachment":[{"href":"https:\/\/www.msv1460.de\/cms\/index.php?rest_route=%2Fwp%2Fv2%2Fmedia&parent=51"}],"curies":[{"name":"wp","href":"https:\/\/api.w.org\/{rel}","templated":true}]}}