{"id":49,"date":"2012-11-08T10:23:57","date_gmt":"2012-11-08T08:23:57","guid":{"rendered":"http:\/\/www.msv1460.de\/cms\/?page_id=49"},"modified":"2023-05-30T08:30:07","modified_gmt":"2023-05-30T06:30:07","slug":"trainingsplan","status":"publish","type":"page","link":"https:\/\/www.msv1460.de\/cms\/?page_id=49","title":{"rendered":"Trainingszeiten"},"content":{"rendered":"<h3>Trainingszeiten<\/h3>\n<p><strong><span dir=\"ltr\" role=\"presentation\">Mittwochs von 15:00 Uhr bis 18:00 Uhr<\/span><br role=\"presentation\"><span dir=\"ltr\" role=\"presentation\">Samstags von 09:00 Uhr bis 12:00 Uhr<br \/>\n<\/span><\/strong><\/p>\n<p><span dir=\"ltr\" role=\"presentation\">Wir ben\u00f6tigen zur Absicherung der Trainingszeiten nat\u00fcrlich noch Schie\u00dfleiter, die hin und wieder <\/span><br role=\"presentation\"><span dir=\"ltr\" role=\"presentation\"><strong>(aber verl\u00e4sslich)<\/strong> etwas Zeit f\u00fcr unsere Sch\u00fctzenkameraden aufbringen, welche noch kein Schie\u00dfleiter<\/span><br role=\"presentation\"><span dir=\"ltr\" role=\"presentation\">sind, bzw. nach versierter Anleitung suchen.<\/span><br role=\"presentation\"><span dir=\"ltr\" role=\"presentation\">Zeiten bitte in den Kalender (Standbelegungsplan) eintragen und ggf. mit dem Schie\u00dfleiter <\/span><br role=\"presentation\"><span dir=\"ltr\" role=\"presentation\">absprechen.<\/span><\/p>\n<p>&nbsp;<\/p>\n<p>&nbsp;<\/p>\n","protected":false},"excerpt":{"rendered":"<p>Trainingszeiten Mittwochs von 15:00 Uhr bis 18:00 UhrSamstags von 09:00 Uhr bis 12:00 Uhr Wir ben\u00f6tigen zur Absicherung der Trainingszeiten nat\u00fcrlich noch Schie\u00dfleiter, die hin und wieder (aber verl\u00e4sslich) etwas Zeit f\u00fcr unsere Sch\u00fctzenkameraden aufbringen, welche noch kein Schie\u00dfleitersind, bzw. nach versierter Anleitung suchen.Zeiten bitte in den Kalender (Standbelegungsplan) eintragen und ggf. mit dem Schie\u00dfleiter [&hellip;]<\/p>\n","protected":false},"author":1,"featured_media":0,"parent":0,"menu_order":0,"comment_status":"closed","ping_status":"closed","template":"","meta":{"ngg_post_thumbnail":0},"_links":{"self":[{"href":"https:\/\/www.msv1460.de\/cms\/index.php?rest_route=\/wp\/v2\/pages\/49"}],"collection":[{"href":"https:\/\/www.msv1460.de\/cms\/index.php?rest_route=\/wp\/v2\/pages"}],"about":[{"href":"https:\/\/www.msv1460.de\/cms\/index.php?rest_route=\/wp\/v2\/types\/page"}],"author":[{"embeddable":true,"href":"https:\/\/www.msv1460.de\/cms\/index.php?rest_route=\/wp\/v2\/users\/1"}],"replies":[{"embeddable":true,"href":"https:\/\/www.msv1460.de\/cms\/index.php?rest_route=%2Fwp%2Fv2%2Fcomments&post=49"}],"version-history":[{"count":11,"href":"https:\/\/www.msv1460.de\/cms\/index.php?rest_route=\/wp\/v2\/pages\/49\/revisions"}],"predecessor-version":[{"id":3812,"href":"https:\/\/www.msv1460.de\/cms\/index.php?rest_route=\/wp\/v2\/pages\/49\/revisions\/3812"}],"wp:attachment":[{"href":"https:\/\/www.msv1460.de\/cms\/index.php?rest_route=%2Fwp%2Fv2%2Fmedia&parent=49"}],"curies":[{"name":"wp","href":"https:\/\/api.w.org\/{rel}","templated":true}]}}