{"id":483,"date":"2013-08-18T17:19:02","date_gmt":"2013-08-18T15:19:02","guid":{"rendered":"http:\/\/www.msv1460.de\/cms\/?page_id=483"},"modified":"2013-08-18T17:22:41","modified_gmt":"2013-08-18T15:22:41","slug":"preisliste-gastschutzen","status":"publish","type":"page","link":"https:\/\/www.msv1460.de\/cms\/?page_id=483","title":{"rendered":"Preisliste Gastsch\u00fctzen"},"content":{"rendered":"<p><strong>Gastsch\u00fctzen sind beim MSV1460 e.V. nat\u00fcrlich herzlich willkommen.<\/strong><\/p>\n<p>F\u00fcr das Schie\u00dfen als Gast gelten folgende Preise:<\/p>\n<table border=\"0\" align=\"center\">\n<tbody>\n<tr>\n<td>Standmiete<\/td>\n<td>5,- EUR<\/td>\n<\/tr>\n<tr>\n<td>Ringscheibe<\/td>\n<td>1,- EUR<\/td>\n<\/tr>\n<tr>\n<td>Versicherung<\/td>\n<td>1,- EUR<\/td>\n<\/tr>\n<tr>\n<td>Leihwaffe<\/td>\n<td>5,- EUR<\/td>\n<\/tr>\n<tr>\n<td>Munition<\/td>\n<td>wie auf der jeweiligen Packung ausgepreist<\/td>\n<\/tr>\n<tr>\n<td>Geh\u00f6rschutz<\/td>\n<td>inclusive<\/td>\n<\/tr>\n<\/tbody>\n<\/table>\n","protected":false},"excerpt":{"rendered":"<p>Gastsch\u00fctzen sind beim MSV1460 e.V. nat\u00fcrlich herzlich willkommen. F\u00fcr das Schie\u00dfen als Gast gelten folgende Preise: Standmiete 5,- EUR Ringscheibe 1,- EUR Versicherung 1,- EUR Leihwaffe 5,- EUR Munition wie auf der jeweiligen Packung ausgepreist Geh\u00f6rschutz inclusive<\/p>\n","protected":false},"author":1,"featured_media":0,"parent":0,"menu_order":0,"comment_status":"closed","ping_status":"closed","template":"","meta":{"ngg_post_thumbnail":0},"_links":{"self":[{"href":"https:\/\/www.msv1460.de\/cms\/index.php?rest_route=\/wp\/v2\/pages\/483"}],"collection":[{"href":"https:\/\/www.msv1460.de\/cms\/index.php?rest_route=\/wp\/v2\/pages"}],"about":[{"href":"https:\/\/www.msv1460.de\/cms\/index.php?rest_route=\/wp\/v2\/types\/page"}],"author":[{"embeddable":true,"href":"https:\/\/www.msv1460.de\/cms\/index.php?rest_route=\/wp\/v2\/users\/1"}],"replies":[{"embeddable":true,"href":"https:\/\/www.msv1460.de\/cms\/index.php?rest_route=%2Fwp%2Fv2%2Fcomments&post=483"}],"version-history":[{"count":3,"href":"https:\/\/www.msv1460.de\/cms\/index.php?rest_route=\/wp\/v2\/pages\/483\/revisions"}],"predecessor-version":[{"id":489,"href":"https:\/\/www.msv1460.de\/cms\/index.php?rest_route=\/wp\/v2\/pages\/483\/revisions\/489"}],"wp:attachment":[{"href":"https:\/\/www.msv1460.de\/cms\/index.php?rest_route=%2Fwp%2Fv2%2Fmedia&parent=483"}],"curies":[{"name":"wp","href":"https:\/\/api.w.org\/{rel}","templated":true}]}}