{"id":45,"date":"2012-11-08T10:22:52","date_gmt":"2012-11-08T08:22:52","guid":{"rendered":"http:\/\/www.msv1460.de\/cms\/?page_id=45"},"modified":"2019-04-05T21:38:03","modified_gmt":"2019-04-05T19:38:03","slug":"impressum","status":"publish","type":"page","link":"https:\/\/www.msv1460.de\/cms\/?page_id=45","title":{"rendered":"Impressum"},"content":{"rendered":"<h3 align=\"JUSTIFY\"><b>Mei\u00dfner Sch\u00fctzenverein 1460 e.V<\/b><\/h3>\n<h4 align=\"JUSTIFY\">01689 Niederau \/ OT Gro\u00dfdobritz, Hohlweg 17<\/h4>\n<p style=\"text-align: left;\" align=\"center\">1. Vorstand:<\/p>\n<p style=\"text-align: left;\" align=\"center\">Ralf Urban, D-01662 Mei\u00dfen, Mendestra\u00dfe 1 Tel.: 03521\/719872<\/p>\n<p style=\"text-align: left;\" align=\"center\">eingetragen im Amtsgericht Dresden &#8211; Registergericht: VR 10005, Sitz des Vereins: Mei\u00dfen<\/p>\n<p style=\"text-align: left;\" align=\"center\">Sparkasse Mei\u00dfen,&nbsp;&nbsp;&nbsp; BLZ: 850 550 00 Konto-Nr.: 300 1460 007<\/p>\n<p>SWIFT\/BIC : SOLADES1MEI<\/p>\n<p>IBAN : &nbsp;&nbsp;&nbsp;&nbsp;&nbsp;&nbsp;&nbsp;&nbsp;&nbsp;DE71 8505 5000 3001 4600 07<\/p>\n<p style=\"text-align: left;\" align=\"center\">Quellennachweise:<\/p>\n<p style=\"text-align: left;\" align=\"center\">Beschreibung der <a title=\"Disziplinen\" href=\"http:\/\/www.msv1460.de\/cms\/?page_id=407\">Disziplinen<\/a>: http:\/\/www.de.wikipedia.org<\/p>\n<p>&nbsp;<\/p>\n<p>Alle Mitglieder des Vorstandes \u00fcben ihre T\u00e4tigkeit ausschlie\u00dflich ehrenamtlich aus!<\/p>\n","protected":false},"excerpt":{"rendered":"<p>Mei\u00dfner Sch\u00fctzenverein 1460 e.V 01689 Niederau \/ OT Gro\u00dfdobritz, Hohlweg 17 1. Vorstand: Ralf Urban, D-01662 Mei\u00dfen, Mendestra\u00dfe 1 Tel.: 03521\/719872 eingetragen im Amtsgericht Dresden &#8211; Registergericht: VR 10005, Sitz des Vereins: Mei\u00dfen Sparkasse Mei\u00dfen,&nbsp;&nbsp;&nbsp; BLZ: 850 550 00 Konto-Nr.: 300 1460 007 SWIFT\/BIC : SOLADES1MEI IBAN : &nbsp;&nbsp;&nbsp;&nbsp;&nbsp;&nbsp;&nbsp;&nbsp;&nbsp;DE71 8505 5000 3001 4600 07 Quellennachweise: [&hellip;]<\/p>\n","protected":false},"author":1,"featured_media":0,"parent":0,"menu_order":0,"comment_status":"closed","ping_status":"closed","template":"","meta":{"ngg_post_thumbnail":0},"_links":{"self":[{"href":"https:\/\/www.msv1460.de\/cms\/index.php?rest_route=\/wp\/v2\/pages\/45"}],"collection":[{"href":"https:\/\/www.msv1460.de\/cms\/index.php?rest_route=\/wp\/v2\/pages"}],"about":[{"href":"https:\/\/www.msv1460.de\/cms\/index.php?rest_route=\/wp\/v2\/types\/page"}],"author":[{"embeddable":true,"href":"https:\/\/www.msv1460.de\/cms\/index.php?rest_route=\/wp\/v2\/users\/1"}],"replies":[{"embeddable":true,"href":"https:\/\/www.msv1460.de\/cms\/index.php?rest_route=%2Fwp%2Fv2%2Fcomments&post=45"}],"version-history":[{"count":15,"href":"https:\/\/www.msv1460.de\/cms\/index.php?rest_route=\/wp\/v2\/pages\/45\/revisions"}],"predecessor-version":[{"id":2669,"href":"https:\/\/www.msv1460.de\/cms\/index.php?rest_route=\/wp\/v2\/pages\/45\/revisions\/2669"}],"wp:attachment":[{"href":"https:\/\/www.msv1460.de\/cms\/index.php?rest_route=%2Fwp%2Fv2%2Fmedia&parent=45"}],"curies":[{"name":"wp","href":"https:\/\/api.w.org\/{rel}","templated":true}]}}