{"id":41,"date":"2012-11-08T10:22:32","date_gmt":"2012-11-08T08:22:32","guid":{"rendered":"http:\/\/www.msv1460.de\/cms\/?page_id=41"},"modified":"2023-01-09T18:38:54","modified_gmt":"2023-01-09T17:38:54","slug":"downloads","status":"publish","type":"page","link":"https:\/\/www.msv1460.de\/cms\/?page_id=41","title":{"rendered":"Downloads"},"content":{"rendered":"<p><a href=\"http:\/\/www.msv1460.de\/cms\/wp-content\/uploads\/2023\/01\/Satzung-2011.pdf\">Satzung (pdf)<\/a>&nbsp;*<\/p>\n<p><a href=\"http:\/\/www.msv1460.de\/cms\/wp-content\/uploads\/2012\/11\/Beitragsordnung_2016.pdf\" target=\"_blank\" rel=\"noopener noreferrer\">Beitragsordnung (pdf)<\/a>&nbsp;* (Stand 10.12.2016)<\/p>\n<p><a style=\"line-height: 1.4em;\" href=\"http:\/\/www.msv1460.de\/cms\/wp-content\/uploads\/2012\/11\/Schiessstandordnung_Kugel_2008.pdf\">Schie\u00dfstandordnung-Kugel (pdf)<\/a>&nbsp;*<\/p>\n<p><a href=\"http:\/\/www.msv1460.de\/cms\/wp-content\/uploads\/2019\/03\/Waffenaufbewahrung_17-07.pdf\">Merkblatt Waffen (pdf)<\/a>&nbsp;*<\/p>\n<p><a href=\"http:\/\/www.msv1460.de\/cms\/wp-content\/uploads\/2019\/02\/MSV_Anlage_DS.pdf\">Datenschutzerkl\u00e4rung f\u00fcr Mitglieder<\/a> (pdf) *<\/p>\n<p><a href=\"http:\/\/www.msv1460.de\/cms\/wp-content\/uploads\/2019\/02\/Einwillungserklaerung_Homepage.pdf\">Einwillungserklaerung Homepage (pdf) *<\/a><\/p>\n<p><a href=\"http:\/\/www.msv1460.de\/cms\/wp-content\/uploads\/2019\/02\/Einwilligungserklaerung_Veranstaltung_Homepage.pdf\">Einwilligungserklaerung Veranstaltung Homepage<\/a> (pdf)*<\/p>\n<p><a href=\"http:\/\/www.msv1460.de\/cms\/wp-content\/uploads\/2020\/02\/waffg-\u00e4nderung.pdf\">3. Waffenrechts\u00e4nderungsgesetz (3. WaffR\u00c4ndG)<\/a> (pdf)*<\/p>\n<p><a href=\"http:\/\/www.msv1460.de\/cms\/wp-content\/uploads\/2020\/11\/Hygieneplan-aktualisiert.pdf\">Hygieneplan (Corona Ma\u00dfnahmen) Stand 02.11.2020<\/a> (pdf)*<\/p>\n<p>*zum Betrachten von .pdf Dokumenten ist ein Programm daf\u00fcr n\u00f6tig. Meist wird der Reader von Acrobat verwendet, der ist aber nicht unbedingt die beste Wahl.<\/p>\n<p>Besser sind: <a href=\"http:\/\/www.heise.de\/download\/foxit-reader.html\">FoxItReader <\/a>oder <a href=\"http:\/\/www.chip.de\/downloads\/PDF-XChange-Viewer_29539244.html\">PDFXchange<\/a><\/p>\n","protected":false},"excerpt":{"rendered":"<p>Satzung (pdf)&nbsp;* Beitragsordnung (pdf)&nbsp;* (Stand 10.12.2016) Schie\u00dfstandordnung-Kugel (pdf)&nbsp;* Merkblatt Waffen (pdf)&nbsp;* Datenschutzerkl\u00e4rung f\u00fcr Mitglieder (pdf) * Einwillungserklaerung Homepage (pdf) * Einwilligungserklaerung Veranstaltung Homepage (pdf)* 3. Waffenrechts\u00e4nderungsgesetz (3. WaffR\u00c4ndG) (pdf)* Hygieneplan (Corona Ma\u00dfnahmen) Stand 02.11.2020 (pdf)* *zum Betrachten von .pdf Dokumenten ist ein Programm daf\u00fcr n\u00f6tig. Meist wird der Reader von Acrobat verwendet, der ist aber [&hellip;]<\/p>\n","protected":false},"author":1,"featured_media":0,"parent":0,"menu_order":0,"comment_status":"closed","ping_status":"closed","template":"","meta":{"ngg_post_thumbnail":0},"_links":{"self":[{"href":"https:\/\/www.msv1460.de\/cms\/index.php?rest_route=\/wp\/v2\/pages\/41"}],"collection":[{"href":"https:\/\/www.msv1460.de\/cms\/index.php?rest_route=\/wp\/v2\/pages"}],"about":[{"href":"https:\/\/www.msv1460.de\/cms\/index.php?rest_route=\/wp\/v2\/types\/page"}],"author":[{"embeddable":true,"href":"https:\/\/www.msv1460.de\/cms\/index.php?rest_route=\/wp\/v2\/users\/1"}],"replies":[{"embeddable":true,"href":"https:\/\/www.msv1460.de\/cms\/index.php?rest_route=%2Fwp%2Fv2%2Fcomments&post=41"}],"version-history":[{"count":41,"href":"https:\/\/www.msv1460.de\/cms\/index.php?rest_route=\/wp\/v2\/pages\/41\/revisions"}],"predecessor-version":[{"id":3689,"href":"https:\/\/www.msv1460.de\/cms\/index.php?rest_route=\/wp\/v2\/pages\/41\/revisions\/3689"}],"wp:attachment":[{"href":"https:\/\/www.msv1460.de\/cms\/index.php?rest_route=%2Fwp%2Fv2%2Fmedia&parent=41"}],"curies":[{"name":"wp","href":"https:\/\/api.w.org\/{rel}","templated":true}]}}