{"id":2033,"date":"2016-09-23T17:32:06","date_gmt":"2016-09-23T15:32:06","guid":{"rendered":"http:\/\/www.msv1460.de\/cms\/?page_id=2033"},"modified":"2018-02-17T21:54:33","modified_gmt":"2018-02-17T20:54:33","slug":"newsletter","status":"publish","type":"page","link":"https:\/\/www.msv1460.de\/cms\/?page_id=2033","title":{"rendered":"Newsletter"},"content":{"rendered":"<p>Hier k\u00f6nnen Sie sich f\u00fcr unseren Newsletter anmelden<\/p>\n<p>Ihre Email-Adresse wird <strong>ausschlie\u00dflich<\/strong> nur f\u00fcr den Bezug unseres Newsletters verwendet!<\/p>\n<p>Siehe auch <a href=\"http:\/\/www.msv1460.de\/cms\/?page_id=2468\">Datenschutzerkl\u00e4rung<\/a>.<\/p>\n<div class=\"widget_wysija_cont shortcode_wysija\"><div id=\"msg-form-wysija-shortcode69e38a39b35a5-2\" class=\"wysija-msg ajax\"><\/div><form id=\"form-wysija-shortcode69e38a39b35a5-2\" method=\"post\" action=\"#wysija\" class=\"widget_wysija shortcode_wysija\">\n<p class=\"wysija-paragraph\">\n    <label>E-Mail <span class=\"wysija-required\">*<\/span><\/label>\n    \n    \t<input type=\"text\" name=\"wysija[user][email]\" class=\"wysija-input validate[required,custom[email]]\" title=\"E-Mail\"  value=\"\" \/>\n    \n    \n    \n    <span class=\"abs-req\">\n        <input type=\"text\" name=\"wysija[user][abs][email]\" class=\"wysija-input validated[abs][email]\" value=\"\" \/>\n    <\/span>\n    \n<\/p>\n\r\n<input class=\"wysija-submit wysija-submit-field\" type=\"submit\" value=\"Anmelden!\" \/>\n\n    <input type=\"hidden\" name=\"form_id\" value=\"2\" \/>\n    <input type=\"hidden\" name=\"action\" value=\"save\" \/>\n    <input type=\"hidden\" name=\"controller\" value=\"subscribers\" \/>\n    <input type=\"hidden\" value=\"1\" name=\"wysija-page\" \/>\n\n    \n        <input type=\"hidden\" name=\"wysija[user_list][list_ids]\" value=\"1\" \/>\n    \n <\/form><\/div>\n","protected":false},"excerpt":{"rendered":"<p>Hier k\u00f6nnen Sie sich f\u00fcr unseren Newsletter anmelden Ihre Email-Adresse wird ausschlie\u00dflich nur f\u00fcr den Bezug unseres Newsletters verwendet! Siehe auch Datenschutzerkl\u00e4rung.<\/p>\n","protected":false},"author":2,"featured_media":0,"parent":0,"menu_order":0,"comment_status":"closed","ping_status":"closed","template":"","meta":{"ngg_post_thumbnail":0},"_links":{"self":[{"href":"https:\/\/www.msv1460.de\/cms\/index.php?rest_route=\/wp\/v2\/pages\/2033"}],"collection":[{"href":"https:\/\/www.msv1460.de\/cms\/index.php?rest_route=\/wp\/v2\/pages"}],"about":[{"href":"https:\/\/www.msv1460.de\/cms\/index.php?rest_route=\/wp\/v2\/types\/page"}],"author":[{"embeddable":true,"href":"https:\/\/www.msv1460.de\/cms\/index.php?rest_route=\/wp\/v2\/users\/2"}],"replies":[{"embeddable":true,"href":"https:\/\/www.msv1460.de\/cms\/index.php?rest_route=%2Fwp%2Fv2%2Fcomments&post=2033"}],"version-history":[{"count":8,"href":"https:\/\/www.msv1460.de\/cms\/index.php?rest_route=\/wp\/v2\/pages\/2033\/revisions"}],"predecessor-version":[{"id":2537,"href":"https:\/\/www.msv1460.de\/cms\/index.php?rest_route=\/wp\/v2\/pages\/2033\/revisions\/2537"}],"wp:attachment":[{"href":"https:\/\/www.msv1460.de\/cms\/index.php?rest_route=%2Fwp%2Fv2%2Fmedia&parent=2033"}],"curies":[{"name":"wp","href":"https:\/\/api.w.org\/{rel}","templated":true}]}}